{"id":344,"date":"2017-10-20T12:33:56","date_gmt":"2017-10-20T12:33:56","guid":{"rendered":"http:\/\/staffeventosrj.com.br\/eventos\/?page_id=344"},"modified":"2023-01-19T18:29:36","modified_gmt":"2023-01-19T18:29:36","slug":"na-midia","status":"publish","type":"page","link":"https:\/\/staffeventosrj.com.br\/eventos\/na-midia\/","title":{"rendered":"Na M\u00eddia"},"content":{"rendered":"<h2><strong>Staff Eventos na m\u00eddia:<\/strong><\/h2>\n<p>A Staff Eventos \u00e9 refer\u00eancia quando o assunto \u00e9 buffet e produ\u00e7\u00e3o de eventos no RJ.<br \/>\nTemos equipe completa e reunimos os profissionais mais bonitos e competentes do setor.<\/p>\n<h2><strong>Conhe\u00e7a alguns destaques da empresa na m\u00eddia<\/strong><\/h2>\n<p>&nbsp;<\/p>\n<header><strong>Jornal Extra, 2018<\/strong><\/p>\n<h3>Cresce a demanda por \u2018top waiters\u2019, gar\u00e7ons bonit\u00f5es para servir em festas e eventos.<\/h3>\n<\/header>\n<p>&nbsp;<\/p>\n<p><a href=\"https:\/\/extra.globo.com\/noticias\/rio\/cresce-demanda-por-top-waiters-garcons-bonitoes-para-servir-em-festas-eventos-22641932.html\" target=\"_blank\" rel=\"noopener\"><img loading=\"lazy\" decoding=\"async\" class=\"aligncenter wp-image-2382 size-large\" src=\"https:\/\/staffeventosrj.com.br\/eventos\/wp-content\/uploads\/2021\/02\/midia1-1024x756.jpg\" alt=\"Cresce a demanda por \u2018top waiters\u2019, gar\u00e7ons bonit\u00f5es para servir em festas e eventos\" width=\"640\" height=\"473\" srcset=\"https:\/\/staffeventosrj.com.br\/eventos\/wp-content\/uploads\/2021\/02\/midia1-1024x756.jpg 1024w, https:\/\/staffeventosrj.com.br\/eventos\/wp-content\/uploads\/2021\/02\/midia1-300x222.jpg 300w, https:\/\/staffeventosrj.com.br\/eventos\/wp-content\/uploads\/2021\/02\/midia1-768x567.jpg 768w, https:\/\/staffeventosrj.com.br\/eventos\/wp-content\/uploads\/2021\/02\/midia1-360x266.jpg 360w, https:\/\/staffeventosrj.com.br\/eventos\/wp-content\/uploads\/2021\/02\/midia1.jpg 1282w\" sizes=\"auto, (max-width: 640px) 100vw, 640px\" \/><\/a><\/p>\n[\/su_note]\n<div class=\"su-note\"  style=\"border-color:#d2d2d2;border-radius:3px;-moz-border-radius:3px;-webkit-border-radius:3px;\"><div class=\"su-note-inner su-u-clearfix su-u-trim\" style=\"background-color:#ececec;border-color:#ffffff;color:#ffffff;border-radius:3px;-moz-border-radius:3px;-webkit-border-radius:3px;\">\n<header><strong>Portal Celebrantes, 2021<\/strong><\/p>\n<h3>De dar \u00e1gua na boca: Buffets para casamento no RJ<\/h3>\n<\/header>\n<p><a href=\"https:\/\/celebrantes.com.br\/de-dar-agua-na-boca-quatro-buffets-para-casamento-no-rj\/\" target=\"_blank\" rel=\"noopener\"><img loading=\"lazy\" decoding=\"async\" class=\"aligncenter wp-image-2385 size-large\" src=\"https:\/\/staffeventosrj.com.br\/eventos\/wp-content\/uploads\/2021\/02\/midia2-1024x756.jpg\" alt=\"Ap\u00f3s trabalhar por alguns anos com festas infantis, em 2009 Eliana fundou a Staff, voltada especialmente para casamentos, festas de 15 anos e eventos corporativos\" width=\"640\" height=\"473\" srcset=\"https:\/\/staffeventosrj.com.br\/eventos\/wp-content\/uploads\/2021\/02\/midia2-1024x756.jpg 1024w, https:\/\/staffeventosrj.com.br\/eventos\/wp-content\/uploads\/2021\/02\/midia2-300x222.jpg 300w, https:\/\/staffeventosrj.com.br\/eventos\/wp-content\/uploads\/2021\/02\/midia2-768x567.jpg 768w, https:\/\/staffeventosrj.com.br\/eventos\/wp-content\/uploads\/2021\/02\/midia2-360x266.jpg 360w, https:\/\/staffeventosrj.com.br\/eventos\/wp-content\/uploads\/2021\/02\/midia2.jpg 1282w\" sizes=\"auto, (max-width: 640px) 100vw, 640px\" \/><\/a><br \/>\n<\/div><\/div>\n<p><strong>Links da Staff Eventos na imprensa:<\/strong><\/p>\n<h3>Staff em destaque, 1\u00ba de Maio de 2018<\/h3>\n<h4>Jornal Extra, 1\u00ba de Maio de 2018<\/h4>\n<div class=\"su-document su-u-responsive-media-yes\"><iframe loading=\"lazy\" src=\"\/\/docs.google.com\/viewer?embedded=true&url=http:\/\/staffeventosrj.com.br\/eventos\/wp-content\/uploads\/2018\/05\/page1_abril18.pdf\" width=\"700\" height=\"1200\" class=\"su-document\" title=\"\"><\/iframe><\/div>\n<div class=\"su-document su-u-responsive-media-yes\"><iframe loading=\"lazy\" src=\"\/\/docs.google.com\/viewer?embedded=true&url=http:\/\/staffeventosrj.com.br\/eventos\/wp-content\/uploads\/2018\/05\/page2_abril18.pdf\" width=\"700\" height=\"1200\" class=\"su-document\" title=\"\"><\/iframe><\/div>\n<p><a href=\"https:\/\/extra.globo.com\/mulher\/festa\/top-waiters-sao-sucesso-entre-mulherada-animam-festa-4662672.html\">Extra &#8211; Globo &#8211; Matperia Iop Waiters<\/a><\/p>\n<p><a href=\"https:\/\/www.sopacultural.com\/eliana-brito-da-staff-eventos-faz-curso-em-miami-com-o-mestre-dos-cerimonialistas-roberto-cohen-para-investir-em-destination-wedding\/\">Eliana Brito, da Staff Eventos, faz curso em Miami com mestre dos cerimonialistas<\/a><\/p>\n<p><a href=\"http:\/\/www.marcasemercados.com.br\/eliana-brito-da-staff-eventos-faz-curso-em-miami-com-o-mestre-dos-cerimonialistas-roberto-cohen-para-investir-em-destination-wedding\/\">Eliana Brito &#8211; Curso Miami Destination Wedding<\/a><\/p>\n<p><a href=\"http:\/\/staffeventosrj.blogspot.com.br\/p\/nossa-equipe.html\">Blog Staff Eventos<\/a><\/p>\n<hr \/>\n\n\t\t<style type=\"text\/css\">\n\t\t\t#gallery-1 {\n\t\t\t\tmargin: auto;\n\t\t\t}\n\t\t\t#gallery-1 .gallery-item {\n\t\t\t\tfloat: left;\n\t\t\t\tmargin-top: 10px;\n\t\t\t\ttext-align: center;\n\t\t\t\twidth: 50%;\n\t\t\t}\n\t\t\t#gallery-1 img {\n\t\t\t\tborder: 2px solid #cfcfcf;\n\t\t\t}\n\t\t\t#gallery-1 .gallery-caption {\n\t\t\t\tmargin-left: 0;\n\t\t\t}\n\t\t\t\/* see gallery_shortcode() in wp-includes\/media.php *\/\n\t\t<\/style>\n\t\t<div id='gallery-1' class='gallery galleryid-344 gallery-columns-2 gallery-size-thumbnail'><dl class='gallery-item'>\n\t\t\t<dt class='gallery-icon portrait'>\n\t\t\t\t<a href='https:\/\/staffeventosrj.com.br\/eventos\/wp-content\/uploads\/2017\/10\/midia_2.jpg' title=\"Staff Eventos Buffet\" data-rl_title=\"Staff Eventos Buffet\" class=\"rl-gallery-link\" data-rl_caption=\"\" data-rel=\"lightbox-gallery-1\"><img loading=\"lazy\" decoding=\"async\" width=\"150\" height=\"150\" src=\"https:\/\/staffeventosrj.com.br\/eventos\/wp-content\/uploads\/2017\/10\/midia_2-150x150.jpg\" class=\"attachment-thumbnail size-thumbnail\" alt=\"Staff Eventos Buffet\" aria-describedby=\"gallery-1-352\" \/><\/a>\n\t\t\t<\/dt>\n\t\t\t\t<dd class='wp-caption-text gallery-caption' id='gallery-1-352'>\n\t\t\t\tStaff Eventos\n\t\t\t\t<\/dd><\/dl><dl class='gallery-item'>\n\t\t\t<dt class='gallery-icon landscape'>\n\t\t\t\t<a href='https:\/\/staffeventosrj.com.br\/eventos\/wp-content\/uploads\/2017\/10\/midia_n.jpg' title=\"Eliana Brito &#8211; Curso Miami Staff Eventos\" data-rl_title=\"Eliana Brito &#8211; Curso Miami Staff Eventos\" class=\"rl-gallery-link\" data-rl_caption=\"\" data-rel=\"lightbox-gallery-1\"><img loading=\"lazy\" decoding=\"async\" width=\"150\" height=\"150\" src=\"https:\/\/staffeventosrj.com.br\/eventos\/wp-content\/uploads\/2017\/10\/midia_n-150x150.jpg\" class=\"attachment-thumbnail size-thumbnail\" alt=\"Eliana Brito - Curso Miami Staff Eventos\" aria-describedby=\"gallery-1-349\" srcset=\"https:\/\/staffeventosrj.com.br\/eventos\/wp-content\/uploads\/2017\/10\/midia_n-150x150.jpg 150w, https:\/\/staffeventosrj.com.br\/eventos\/wp-content\/uploads\/2017\/10\/midia_n-300x300.jpg 300w, https:\/\/staffeventosrj.com.br\/eventos\/wp-content\/uploads\/2017\/10\/midia_n-768x768.jpg 768w, https:\/\/staffeventosrj.com.br\/eventos\/wp-content\/uploads\/2017\/10\/midia_n-270x270.jpg 270w, https:\/\/staffeventosrj.com.br\/eventos\/wp-content\/uploads\/2017\/10\/midia_n.jpg 960w\" sizes=\"auto, (max-width: 150px) 100vw, 150px\" \/><\/a>\n\t\t\t<\/dt>\n\t\t\t\t<dd class='wp-caption-text gallery-caption' id='gallery-1-349'>\n\t\t\t\tEliana Brito\n\t\t\t\t<\/dd><\/dl><br style=\"clear: both\" \/>\n\t\t<\/div>\n\n<hr \/>\n<p><strong>Staff eventos nas Redes Sociais:<\/strong><\/p>\n<p><a href=\"https:\/\/www.facebook.com\/staffeventosrj\/\">Facebook &#8211; Fanpage Staff Rio <\/a><\/p>\n<p><a href=\"https:\/\/www.facebook.com\/eliana.brito.56\">Facebook &#8211; Fanpage Eliana Brito\u00a0<\/a><\/p>\n<p><a href=\"https:\/\/www.instagram.com\/staffeventosrj\/\">Staff no Instagram<\/a><\/p>\n\n<p>&nbsp;<\/p>\n","protected":false},"excerpt":{"rendered":"<p>Staff Eventos na m\u00eddia: A Staff Eventos \u00e9 refer\u00eancia quando o assunto \u00e9 buffet e produ\u00e7\u00e3o de eventos no RJ. Temos equipe completa e reunimos os profissionais mais bonitos e competentes do setor. Conhe\u00e7a alguns destaques da empresa na m\u00eddia &nbsp; Jornal Extra, 2018 Cresce a demanda por \u2018top waiters\u2019, gar\u00e7ons bonit\u00f5es para servir em festas e eventos. &nbsp; [\/su_note] Links da Staff Eventos na imprensa: Staff em destaque, 1\u00ba de Maio de 2018 Jornal Extra, 1\u00ba de Maio de 2018 Extra &#8211; Globo &#8211; Matperia Iop Waiters Eliana Brito, da Staff Eventos, faz curso em Miami com mestre dos&#8230; <\/p>\n","protected":false},"author":1,"featured_media":0,"parent":0,"menu_order":8,"comment_status":"closed","ping_status":"closed","template":"","meta":{"footnotes":"","_links_to":"","_links_to_target":""},"class_list":["post-344","page","type-page","status-publish","hentry"],"yoast_head":"<!-- This site is optimized with the Yoast SEO plugin v26.7 - https:\/\/yoast.com\/wordpress\/plugins\/seo\/ -->\n<title>Staff Eventos, Buffet Para Festas, Coffee Break e Eventos Corporativos<\/title>\n<meta name=\"description\" content=\"Staff Eventos atua com servi\u00e7o de buffet completo para festas e eventos, coffee break, eventos para empresas, buffet para festas, buffet para casamento, buffet para anivers\u00e1rios, buffet para bodas e produ\u00e7\u00e3o de festas e eventos corporativos no RJ e SP\" \/>\n<meta name=\"robots\" content=\"index, follow, max-snippet:-1, max-image-preview:large, max-video-preview:-1\" \/>\n<link rel=\"canonical\" href=\"https:\/\/staffeventosrj.com.br\/eventos\/na-midia\/\" \/>\n<meta property=\"og:locale\" content=\"pt_BR\" \/>\n<meta property=\"og:type\" content=\"article\" \/>\n<meta property=\"og:title\" content=\"Staff Eventos, Buffet Para Festas, Coffee Break e Eventos Corporativos\" \/>\n<meta property=\"og:description\" content=\"Staff Eventos atua com servi\u00e7o de buffet completo para festas e eventos, coffee break, eventos para empresas, buffet para festas, buffet para casamento, buffet para anivers\u00e1rios, buffet para bodas e produ\u00e7\u00e3o de festas e eventos corporativos no RJ e SP\" \/>\n<meta property=\"og:url\" content=\"https:\/\/staffeventosrj.com.br\/eventos\/na-midia\/\" \/>\n<meta property=\"og:site_name\" content=\"Staff Eventos RJ\" \/>\n<meta property=\"article:publisher\" content=\"https:\/\/www.facebook.com\/staffeventosrj\/\" \/>\n<meta property=\"article:modified_time\" content=\"2023-01-19T18:29:36+00:00\" \/>\n<meta property=\"og:image\" content=\"https:\/\/staffeventosrj.com.br\/eventos\/wp-content\/uploads\/2017\/10\/midia_2-150x150.jpg\" \/>\n<meta name=\"twitter:card\" content=\"summary_large_image\" \/>\n<meta name=\"twitter:label1\" content=\"Est. tempo de leitura\" \/>\n\t<meta name=\"twitter:data1\" content=\"2 minutos\" \/>\n<script type=\"application\/ld+json\" class=\"yoast-schema-graph\">{\"@context\":\"https:\/\/schema.org\",\"@graph\":[{\"@type\":\"WebPage\",\"@id\":\"https:\/\/staffeventosrj.com.br\/eventos\/na-midia\/\",\"url\":\"https:\/\/staffeventosrj.com.br\/eventos\/na-midia\/\",\"name\":\"Staff Eventos, Buffet Para Festas, Coffee Break e Eventos Corporativos\",\"isPartOf\":{\"@id\":\"https:\/\/staffeventosrj.com.br\/eventos\/#website\"},\"primaryImageOfPage\":{\"@id\":\"https:\/\/staffeventosrj.com.br\/eventos\/na-midia\/#primaryimage\"},\"image\":{\"@id\":\"https:\/\/staffeventosrj.com.br\/eventos\/na-midia\/#primaryimage\"},\"thumbnailUrl\":\"https:\/\/staffeventosrj.com.br\/eventos\/wp-content\/uploads\/2021\/02\/midia1-1024x756.jpg\",\"datePublished\":\"2017-10-20T12:33:56+00:00\",\"dateModified\":\"2023-01-19T18:29:36+00:00\",\"description\":\"Staff Eventos atua com servi\u00e7o de buffet completo para festas e eventos, coffee break, eventos para empresas, buffet para festas, buffet para casamento, buffet para anivers\u00e1rios, buffet para bodas e produ\u00e7\u00e3o de festas e eventos corporativos no RJ e SP\",\"breadcrumb\":{\"@id\":\"https:\/\/staffeventosrj.com.br\/eventos\/na-midia\/#breadcrumb\"},\"inLanguage\":\"pt-BR\",\"potentialAction\":[{\"@type\":\"ReadAction\",\"target\":[\"https:\/\/staffeventosrj.com.br\/eventos\/na-midia\/\"]}]},{\"@type\":\"ImageObject\",\"inLanguage\":\"pt-BR\",\"@id\":\"https:\/\/staffeventosrj.com.br\/eventos\/na-midia\/#primaryimage\",\"url\":\"https:\/\/staffeventosrj.com.br\/eventos\/wp-content\/uploads\/2021\/02\/midia1.jpg\",\"contentUrl\":\"https:\/\/staffeventosrj.com.br\/eventos\/wp-content\/uploads\/2021\/02\/midia1.jpg\",\"width\":1282,\"height\":947,\"caption\":\"Buffet e Open Bar Staff Eventos\"},{\"@type\":\"BreadcrumbList\",\"@id\":\"https:\/\/staffeventosrj.com.br\/eventos\/na-midia\/#breadcrumb\",\"itemListElement\":[{\"@type\":\"ListItem\",\"position\":1,\"name\":\"In\u00edcio\",\"item\":\"https:\/\/staffeventosrj.com.br\/eventos\/\"},{\"@type\":\"ListItem\",\"position\":2,\"name\":\"Na M\u00eddia\"}]},{\"@type\":\"WebSite\",\"@id\":\"https:\/\/staffeventosrj.com.br\/eventos\/#website\",\"url\":\"https:\/\/staffeventosrj.com.br\/eventos\/\",\"name\":\"Staff Eventos RJ\",\"description\":\"Buffet e Eventos no Rio de Janeiro\",\"publisher\":{\"@id\":\"https:\/\/staffeventosrj.com.br\/eventos\/#organization\"},\"potentialAction\":[{\"@type\":\"SearchAction\",\"target\":{\"@type\":\"EntryPoint\",\"urlTemplate\":\"https:\/\/staffeventosrj.com.br\/eventos\/?s={search_term_string}\"},\"query-input\":{\"@type\":\"PropertyValueSpecification\",\"valueRequired\":true,\"valueName\":\"search_term_string\"}}],\"inLanguage\":\"pt-BR\"},{\"@type\":\"Organization\",\"@id\":\"https:\/\/staffeventosrj.com.br\/eventos\/#organization\",\"name\":\"Staff Eventos\",\"url\":\"https:\/\/staffeventosrj.com.br\/eventos\/\",\"logo\":{\"@type\":\"ImageObject\",\"inLanguage\":\"pt-BR\",\"@id\":\"https:\/\/staffeventosrj.com.br\/eventos\/#\/schema\/logo\/image\/\",\"url\":\"https:\/\/staffeventosrj.com.br\/eventos\/wp-content\/uploads\/2017\/10\/logo_empresa.jpg\",\"contentUrl\":\"https:\/\/staffeventosrj.com.br\/eventos\/wp-content\/uploads\/2017\/10\/logo_empresa.jpg\",\"width\":529,\"height\":352,\"caption\":\"Staff Eventos\"},\"image\":{\"@id\":\"https:\/\/staffeventosrj.com.br\/eventos\/#\/schema\/logo\/image\/\"},\"sameAs\":[\"https:\/\/www.facebook.com\/staffeventosrj\/\",\"https:\/\/www.instagram.com\/staffeventosrj\/\"]}]}<\/script>\n<!-- \/ Yoast SEO plugin. -->","yoast_head_json":{"title":"Staff Eventos, Buffet Para Festas, Coffee Break e Eventos Corporativos","description":"Staff Eventos atua com servi\u00e7o de buffet completo para festas e eventos, coffee break, eventos para empresas, buffet para festas, buffet para casamento, buffet para anivers\u00e1rios, buffet para bodas e produ\u00e7\u00e3o de festas e eventos corporativos no RJ e SP","robots":{"index":"index","follow":"follow","max-snippet":"max-snippet:-1","max-image-preview":"max-image-preview:large","max-video-preview":"max-video-preview:-1"},"canonical":"https:\/\/staffeventosrj.com.br\/eventos\/na-midia\/","og_locale":"pt_BR","og_type":"article","og_title":"Staff Eventos, Buffet Para Festas, Coffee Break e Eventos Corporativos","og_description":"Staff Eventos atua com servi\u00e7o de buffet completo para festas e eventos, coffee break, eventos para empresas, buffet para festas, buffet para casamento, buffet para anivers\u00e1rios, buffet para bodas e produ\u00e7\u00e3o de festas e eventos corporativos no RJ e SP","og_url":"https:\/\/staffeventosrj.com.br\/eventos\/na-midia\/","og_site_name":"Staff Eventos RJ","article_publisher":"https:\/\/www.facebook.com\/staffeventosrj\/","article_modified_time":"2023-01-19T18:29:36+00:00","og_image":[{"url":"https:\/\/staffeventosrj.com.br\/eventos\/wp-content\/uploads\/2017\/10\/midia_2-150x150.jpg","type":"","width":"","height":""}],"twitter_card":"summary_large_image","twitter_misc":{"Est. tempo de leitura":"2 minutos"},"schema":{"@context":"https:\/\/schema.org","@graph":[{"@type":"WebPage","@id":"https:\/\/staffeventosrj.com.br\/eventos\/na-midia\/","url":"https:\/\/staffeventosrj.com.br\/eventos\/na-midia\/","name":"Staff Eventos, Buffet Para Festas, Coffee Break e Eventos Corporativos","isPartOf":{"@id":"https:\/\/staffeventosrj.com.br\/eventos\/#website"},"primaryImageOfPage":{"@id":"https:\/\/staffeventosrj.com.br\/eventos\/na-midia\/#primaryimage"},"image":{"@id":"https:\/\/staffeventosrj.com.br\/eventos\/na-midia\/#primaryimage"},"thumbnailUrl":"https:\/\/staffeventosrj.com.br\/eventos\/wp-content\/uploads\/2021\/02\/midia1-1024x756.jpg","datePublished":"2017-10-20T12:33:56+00:00","dateModified":"2023-01-19T18:29:36+00:00","description":"Staff Eventos atua com servi\u00e7o de buffet completo para festas e eventos, coffee break, eventos para empresas, buffet para festas, buffet para casamento, buffet para anivers\u00e1rios, buffet para bodas e produ\u00e7\u00e3o de festas e eventos corporativos no RJ e SP","breadcrumb":{"@id":"https:\/\/staffeventosrj.com.br\/eventos\/na-midia\/#breadcrumb"},"inLanguage":"pt-BR","potentialAction":[{"@type":"ReadAction","target":["https:\/\/staffeventosrj.com.br\/eventos\/na-midia\/"]}]},{"@type":"ImageObject","inLanguage":"pt-BR","@id":"https:\/\/staffeventosrj.com.br\/eventos\/na-midia\/#primaryimage","url":"https:\/\/staffeventosrj.com.br\/eventos\/wp-content\/uploads\/2021\/02\/midia1.jpg","contentUrl":"https:\/\/staffeventosrj.com.br\/eventos\/wp-content\/uploads\/2021\/02\/midia1.jpg","width":1282,"height":947,"caption":"Buffet e Open Bar Staff Eventos"},{"@type":"BreadcrumbList","@id":"https:\/\/staffeventosrj.com.br\/eventos\/na-midia\/#breadcrumb","itemListElement":[{"@type":"ListItem","position":1,"name":"In\u00edcio","item":"https:\/\/staffeventosrj.com.br\/eventos\/"},{"@type":"ListItem","position":2,"name":"Na M\u00eddia"}]},{"@type":"WebSite","@id":"https:\/\/staffeventosrj.com.br\/eventos\/#website","url":"https:\/\/staffeventosrj.com.br\/eventos\/","name":"Staff Eventos RJ","description":"Buffet e Eventos no Rio de Janeiro","publisher":{"@id":"https:\/\/staffeventosrj.com.br\/eventos\/#organization"},"potentialAction":[{"@type":"SearchAction","target":{"@type":"EntryPoint","urlTemplate":"https:\/\/staffeventosrj.com.br\/eventos\/?s={search_term_string}"},"query-input":{"@type":"PropertyValueSpecification","valueRequired":true,"valueName":"search_term_string"}}],"inLanguage":"pt-BR"},{"@type":"Organization","@id":"https:\/\/staffeventosrj.com.br\/eventos\/#organization","name":"Staff Eventos","url":"https:\/\/staffeventosrj.com.br\/eventos\/","logo":{"@type":"ImageObject","inLanguage":"pt-BR","@id":"https:\/\/staffeventosrj.com.br\/eventos\/#\/schema\/logo\/image\/","url":"https:\/\/staffeventosrj.com.br\/eventos\/wp-content\/uploads\/2017\/10\/logo_empresa.jpg","contentUrl":"https:\/\/staffeventosrj.com.br\/eventos\/wp-content\/uploads\/2017\/10\/logo_empresa.jpg","width":529,"height":352,"caption":"Staff Eventos"},"image":{"@id":"https:\/\/staffeventosrj.com.br\/eventos\/#\/schema\/logo\/image\/"},"sameAs":["https:\/\/www.facebook.com\/staffeventosrj\/","https:\/\/www.instagram.com\/staffeventosrj\/"]}]}},"_links":{"self":[{"href":"https:\/\/staffeventosrj.com.br\/eventos\/wp-json\/wp\/v2\/pages\/344","targetHints":{"allow":["GET"]}}],"collection":[{"href":"https:\/\/staffeventosrj.com.br\/eventos\/wp-json\/wp\/v2\/pages"}],"about":[{"href":"https:\/\/staffeventosrj.com.br\/eventos\/wp-json\/wp\/v2\/types\/page"}],"author":[{"embeddable":true,"href":"https:\/\/staffeventosrj.com.br\/eventos\/wp-json\/wp\/v2\/users\/1"}],"replies":[{"embeddable":true,"href":"https:\/\/staffeventosrj.com.br\/eventos\/wp-json\/wp\/v2\/comments?post=344"}],"version-history":[{"count":18,"href":"https:\/\/staffeventosrj.com.br\/eventos\/wp-json\/wp\/v2\/pages\/344\/revisions"}],"predecessor-version":[{"id":3275,"href":"https:\/\/staffeventosrj.com.br\/eventos\/wp-json\/wp\/v2\/pages\/344\/revisions\/3275"}],"wp:attachment":[{"href":"https:\/\/staffeventosrj.com.br\/eventos\/wp-json\/wp\/v2\/media?parent=344"}],"curies":[{"name":"wp","href":"https:\/\/api.w.org\/{rel}","templated":true}]}}