{"id":13,"date":"2017-10-18T16:12:20","date_gmt":"2017-10-18T16:12:20","guid":{"rendered":"http:\/\/staffeventosrj.com.br\/eventos\/?page_id=13"},"modified":"2017-10-23T11:24:25","modified_gmt":"2017-10-23T11:24:25","slug":"sobre-nos","status":"publish","type":"page","link":"https:\/\/staffeventosrj.com.br\/eventos\/sobre-nos\/","title":{"rendered":"Sobre N\u00f3s"},"content":{"rendered":"<p><strong>&#8211; Buffet Gourmet e Produ\u00e7\u00e3o de eventos.<\/strong><\/p>\n<p>Quando um assunto \u00e9 excel\u00eancia e qualidade, a <strong>Staff Eventos<\/strong> \u00e9 refer\u00eancia.<br \/>\nCriada em 2009 e com a coordena\u00e7\u00e3o da carioca <strong>Eliana Brito &#8211;<\/strong>\u00a0que h\u00e1 22 anos atua em consultoria e produ\u00e7\u00e3o de eventos, com cursos no Brasil e no exterior &#8211;\u00a0 a <strong>Staff Eventos<\/strong>\u00a0\u00e9 hoje \u00e9 uma das mais conceituadas no mercado de buffet e produ\u00e7\u00e3o de eventos do Rio de Janeiro, atuando tamb\u00e9m em S\u00e3o Paulo e Miami.<br \/>\nDesde ent\u00e3o a <strong>Staff Eventos<\/strong> vem trilhando uma hist\u00f3ria de excel\u00eancia produzindo os melhores eventos, com aten\u00e7\u00e3o a cada detalhe, proporcionando deste modo momentos \u00fanicos \u00e0queles que n\u00e3o abrem m\u00e3o de organiza\u00e7\u00e3o e qualidade.<\/p>\n<p><strong>&#8211; Uma agencia completa!<\/strong><br \/>\nAl\u00e9m de <a href=\"http:\/\/staffeventosrj.com.br\/eventos\/buffet-personalizado\/\">servi\u00e7o impec\u00e1vel de Buffet<\/a>, a empresa atua na produ\u00e7\u00e3o de eventos personalizadas, incluindo festas tem\u00e1ticas e exclusivas, eventos de pequeno e grande porte, mini <em>weddings<\/em>, casamentos, anivers\u00e1rios, bodas, eventos corporativos, dentre outros.<\/p>\n<p><strong>&#8211; O staff de Top Waiters mais bonito do rio faz toda a diferen\u00e7a!<\/strong><br \/>\nUm dos principais diferencias da empresa \u00e9 reunir um buffet de alto n\u00edvel a um time de\u00a0<strong><em>top waiters<\/em><\/strong> composto por <a href=\"http:\/\/staffeventosrj.com.br\/eventos\/nosso-staff\/\">bel\u00edssimos jovens modelos e universit\u00e1rios<\/a> que, al\u00e9m de bonitos, charmosos e extremante educados, recebem treinamento para atender com simpatia e aten\u00e7\u00e3o aos mais exigentes convidados!<\/p>\n<hr \/>\n<p><strong><a href=\"http:\/\/staffeventosrj.com.br\/eventos\/contatos\/\">Fale com a\u00a0Staff Eventos RJ<\/a>,\u00a0contrate nosso buffet ou produza conosco seu evento e tenha uma festa \u00e0 altura dos seus sonhos!<\/strong><\/p>\n<hr \/>\n<p style=\"text-align: center;\"><a href=\"http:\/\/staffeventosrj.com.br\/eventos\/wp-content\/uploads\/2017\/10\/logo_empresa.jpg\" data-rel=\"lightbox-image-0\" data-rl_title=\"Staff Eventos Buffet Rio\" data-rl_caption=\"\" title=\"Staff Eventos Buffet Rio\"><img loading=\"lazy\" decoding=\"async\" class=\"alignnone wp-image-499 size-medium\" src=\"http:\/\/staffeventosrj.com.br\/eventos\/wp-content\/uploads\/2017\/10\/logo_empresa-300x200.jpg\" alt=\"Staff Eventos Buffet Rio\" width=\"300\" height=\"200\" srcset=\"https:\/\/staffeventosrj.com.br\/eventos\/wp-content\/uploads\/2017\/10\/logo_empresa-300x200.jpg 300w, https:\/\/staffeventosrj.com.br\/eventos\/wp-content\/uploads\/2017\/10\/logo_empresa-360x240.jpg 360w, https:\/\/staffeventosrj.com.br\/eventos\/wp-content\/uploads\/2017\/10\/logo_empresa.jpg 529w\" sizes=\"auto, (max-width: 300px) 100vw, 300px\" \/><\/a><\/p>\n<p style=\"text-align: center;\"><strong>Telefones: (21) 3023-0235 | (21) 96450-4539<\/strong><br \/>\n<strong>E-mail: staffeventos.rjproducoes@gmail.com<\/strong><\/p>\n<p>&nbsp;<\/p>\n<p>&nbsp;<\/p>\n","protected":false},"excerpt":{"rendered":"<p>&#8211; Buffet Gourmet e Produ\u00e7\u00e3o de eventos. Quando um assunto \u00e9 excel\u00eancia e qualidade, a Staff Eventos \u00e9 refer\u00eancia. Criada em 2009 e com a coordena\u00e7\u00e3o da carioca Eliana Brito &#8211;\u00a0que h\u00e1 22 anos atua em consultoria e produ\u00e7\u00e3o de eventos, com cursos no Brasil e no exterior &#8211;\u00a0 a Staff Eventos\u00a0\u00e9 hoje \u00e9 uma das mais conceituadas no mercado de buffet e produ\u00e7\u00e3o de eventos do Rio de Janeiro, atuando tamb\u00e9m em S\u00e3o Paulo e Miami. Desde ent\u00e3o a Staff Eventos vem trilhando uma hist\u00f3ria de excel\u00eancia produzindo os melhores eventos, com aten\u00e7\u00e3o a cada detalhe, proporcionando deste modo&#8230; <\/p>\n","protected":false},"author":1,"featured_media":585,"parent":0,"menu_order":7,"comment_status":"closed","ping_status":"closed","template":"","meta":{"footnotes":"","_links_to":"","_links_to_target":""},"class_list":["post-13","page","type-page","status-publish","has-post-thumbnail","hentry"],"yoast_head":"<!-- This site is optimized with the Yoast SEO plugin v26.7 - https:\/\/yoast.com\/wordpress\/plugins\/seo\/ -->\n<title>Staff Eventos, Buffet Para Festas, Coffee Break e Eventos Corporativos<\/title>\n<meta name=\"description\" content=\"Staff Eventos atua com servi\u00e7o de buffet completo para festas e eventos, coffee break, eventos para empresas, buffet para festas, buffet para casamento, buffet para anivers\u00e1rios, buffet para bodas e produ\u00e7\u00e3o de festas e eventos corporativos no RJ e SP\" \/>\n<meta name=\"robots\" content=\"index, follow, max-snippet:-1, max-image-preview:large, max-video-preview:-1\" \/>\n<link rel=\"canonical\" href=\"https:\/\/staffeventosrj.com.br\/eventos\/sobre-nos\/\" \/>\n<meta property=\"og:locale\" content=\"pt_BR\" \/>\n<meta property=\"og:type\" content=\"article\" \/>\n<meta property=\"og:title\" content=\"Staff Eventos, Buffet Para Festas, Coffee Break e Eventos Corporativos\" \/>\n<meta property=\"og:description\" content=\"Staff Eventos atua com servi\u00e7o de buffet completo para festas e eventos, coffee break, eventos para empresas, buffet para festas, buffet para casamento, buffet para anivers\u00e1rios, buffet para bodas e produ\u00e7\u00e3o de festas e eventos corporativos no RJ e SP\" \/>\n<meta property=\"og:url\" content=\"https:\/\/staffeventosrj.com.br\/eventos\/sobre-nos\/\" \/>\n<meta property=\"og:site_name\" content=\"Staff Eventos RJ\" \/>\n<meta property=\"article:publisher\" content=\"https:\/\/www.facebook.com\/staffeventosrj\/\" \/>\n<meta property=\"article:modified_time\" content=\"2017-10-23T11:24:25+00:00\" \/>\n<meta property=\"og:image\" content=\"https:\/\/staffeventosrj.com.br\/eventos\/wp-content\/uploads\/2017\/10\/banner_empresa.jpg\" \/>\n\t<meta property=\"og:image:width\" content=\"1920\" \/>\n\t<meta property=\"og:image:height\" content=\"770\" \/>\n\t<meta property=\"og:image:type\" content=\"image\/jpeg\" \/>\n<meta name=\"twitter:card\" content=\"summary_large_image\" \/>\n<meta name=\"twitter:label1\" content=\"Est. tempo de leitura\" \/>\n\t<meta name=\"twitter:data1\" content=\"1 minuto\" \/>\n<script type=\"application\/ld+json\" class=\"yoast-schema-graph\">{\"@context\":\"https:\/\/schema.org\",\"@graph\":[{\"@type\":\"WebPage\",\"@id\":\"https:\/\/staffeventosrj.com.br\/eventos\/sobre-nos\/\",\"url\":\"https:\/\/staffeventosrj.com.br\/eventos\/sobre-nos\/\",\"name\":\"Staff Eventos, Buffet Para Festas, Coffee Break e Eventos Corporativos\",\"isPartOf\":{\"@id\":\"https:\/\/staffeventosrj.com.br\/eventos\/#website\"},\"primaryImageOfPage\":{\"@id\":\"https:\/\/staffeventosrj.com.br\/eventos\/sobre-nos\/#primaryimage\"},\"image\":{\"@id\":\"https:\/\/staffeventosrj.com.br\/eventos\/sobre-nos\/#primaryimage\"},\"thumbnailUrl\":\"https:\/\/staffeventosrj.com.br\/eventos\/wp-content\/uploads\/2017\/10\/banner_empresa.jpg\",\"datePublished\":\"2017-10-18T16:12:20+00:00\",\"dateModified\":\"2017-10-23T11:24:25+00:00\",\"description\":\"Staff Eventos atua com servi\u00e7o de buffet completo para festas e eventos, coffee break, eventos para empresas, buffet para festas, buffet para casamento, buffet para anivers\u00e1rios, buffet para bodas e produ\u00e7\u00e3o de festas e eventos corporativos no RJ e SP\",\"breadcrumb\":{\"@id\":\"https:\/\/staffeventosrj.com.br\/eventos\/sobre-nos\/#breadcrumb\"},\"inLanguage\":\"pt-BR\",\"potentialAction\":[{\"@type\":\"ReadAction\",\"target\":[\"https:\/\/staffeventosrj.com.br\/eventos\/sobre-nos\/\"]}]},{\"@type\":\"ImageObject\",\"inLanguage\":\"pt-BR\",\"@id\":\"https:\/\/staffeventosrj.com.br\/eventos\/sobre-nos\/#primaryimage\",\"url\":\"https:\/\/staffeventosrj.com.br\/eventos\/wp-content\/uploads\/2017\/10\/banner_empresa.jpg\",\"contentUrl\":\"https:\/\/staffeventosrj.com.br\/eventos\/wp-content\/uploads\/2017\/10\/banner_empresa.jpg\",\"width\":1920,\"height\":770},{\"@type\":\"BreadcrumbList\",\"@id\":\"https:\/\/staffeventosrj.com.br\/eventos\/sobre-nos\/#breadcrumb\",\"itemListElement\":[{\"@type\":\"ListItem\",\"position\":1,\"name\":\"In\u00edcio\",\"item\":\"https:\/\/staffeventosrj.com.br\/eventos\/\"},{\"@type\":\"ListItem\",\"position\":2,\"name\":\"Sobre N\u00f3s\"}]},{\"@type\":\"WebSite\",\"@id\":\"https:\/\/staffeventosrj.com.br\/eventos\/#website\",\"url\":\"https:\/\/staffeventosrj.com.br\/eventos\/\",\"name\":\"Staff Eventos RJ\",\"description\":\"Buffet e Eventos no Rio de Janeiro\",\"publisher\":{\"@id\":\"https:\/\/staffeventosrj.com.br\/eventos\/#organization\"},\"potentialAction\":[{\"@type\":\"SearchAction\",\"target\":{\"@type\":\"EntryPoint\",\"urlTemplate\":\"https:\/\/staffeventosrj.com.br\/eventos\/?s={search_term_string}\"},\"query-input\":{\"@type\":\"PropertyValueSpecification\",\"valueRequired\":true,\"valueName\":\"search_term_string\"}}],\"inLanguage\":\"pt-BR\"},{\"@type\":\"Organization\",\"@id\":\"https:\/\/staffeventosrj.com.br\/eventos\/#organization\",\"name\":\"Staff Eventos\",\"url\":\"https:\/\/staffeventosrj.com.br\/eventos\/\",\"logo\":{\"@type\":\"ImageObject\",\"inLanguage\":\"pt-BR\",\"@id\":\"https:\/\/staffeventosrj.com.br\/eventos\/#\/schema\/logo\/image\/\",\"url\":\"https:\/\/staffeventosrj.com.br\/eventos\/wp-content\/uploads\/2017\/10\/logo_empresa.jpg\",\"contentUrl\":\"https:\/\/staffeventosrj.com.br\/eventos\/wp-content\/uploads\/2017\/10\/logo_empresa.jpg\",\"width\":529,\"height\":352,\"caption\":\"Staff Eventos\"},\"image\":{\"@id\":\"https:\/\/staffeventosrj.com.br\/eventos\/#\/schema\/logo\/image\/\"},\"sameAs\":[\"https:\/\/www.facebook.com\/staffeventosrj\/\",\"https:\/\/www.instagram.com\/staffeventosrj\/\"]}]}<\/script>\n<!-- \/ Yoast SEO plugin. -->","yoast_head_json":{"title":"Staff Eventos, Buffet Para Festas, Coffee Break e Eventos Corporativos","description":"Staff Eventos atua com servi\u00e7o de buffet completo para festas e eventos, coffee break, eventos para empresas, buffet para festas, buffet para casamento, buffet para anivers\u00e1rios, buffet para bodas e produ\u00e7\u00e3o de festas e eventos corporativos no RJ e SP","robots":{"index":"index","follow":"follow","max-snippet":"max-snippet:-1","max-image-preview":"max-image-preview:large","max-video-preview":"max-video-preview:-1"},"canonical":"https:\/\/staffeventosrj.com.br\/eventos\/sobre-nos\/","og_locale":"pt_BR","og_type":"article","og_title":"Staff Eventos, Buffet Para Festas, Coffee Break e Eventos Corporativos","og_description":"Staff Eventos atua com servi\u00e7o de buffet completo para festas e eventos, coffee break, eventos para empresas, buffet para festas, buffet para casamento, buffet para anivers\u00e1rios, buffet para bodas e produ\u00e7\u00e3o de festas e eventos corporativos no RJ e SP","og_url":"https:\/\/staffeventosrj.com.br\/eventos\/sobre-nos\/","og_site_name":"Staff Eventos RJ","article_publisher":"https:\/\/www.facebook.com\/staffeventosrj\/","article_modified_time":"2017-10-23T11:24:25+00:00","og_image":[{"width":1920,"height":770,"url":"https:\/\/staffeventosrj.com.br\/eventos\/wp-content\/uploads\/2017\/10\/banner_empresa.jpg","type":"image\/jpeg"}],"twitter_card":"summary_large_image","twitter_misc":{"Est. tempo de leitura":"1 minuto"},"schema":{"@context":"https:\/\/schema.org","@graph":[{"@type":"WebPage","@id":"https:\/\/staffeventosrj.com.br\/eventos\/sobre-nos\/","url":"https:\/\/staffeventosrj.com.br\/eventos\/sobre-nos\/","name":"Staff Eventos, Buffet Para Festas, Coffee Break e Eventos Corporativos","isPartOf":{"@id":"https:\/\/staffeventosrj.com.br\/eventos\/#website"},"primaryImageOfPage":{"@id":"https:\/\/staffeventosrj.com.br\/eventos\/sobre-nos\/#primaryimage"},"image":{"@id":"https:\/\/staffeventosrj.com.br\/eventos\/sobre-nos\/#primaryimage"},"thumbnailUrl":"https:\/\/staffeventosrj.com.br\/eventos\/wp-content\/uploads\/2017\/10\/banner_empresa.jpg","datePublished":"2017-10-18T16:12:20+00:00","dateModified":"2017-10-23T11:24:25+00:00","description":"Staff Eventos atua com servi\u00e7o de buffet completo para festas e eventos, coffee break, eventos para empresas, buffet para festas, buffet para casamento, buffet para anivers\u00e1rios, buffet para bodas e produ\u00e7\u00e3o de festas e eventos corporativos no RJ e SP","breadcrumb":{"@id":"https:\/\/staffeventosrj.com.br\/eventos\/sobre-nos\/#breadcrumb"},"inLanguage":"pt-BR","potentialAction":[{"@type":"ReadAction","target":["https:\/\/staffeventosrj.com.br\/eventos\/sobre-nos\/"]}]},{"@type":"ImageObject","inLanguage":"pt-BR","@id":"https:\/\/staffeventosrj.com.br\/eventos\/sobre-nos\/#primaryimage","url":"https:\/\/staffeventosrj.com.br\/eventos\/wp-content\/uploads\/2017\/10\/banner_empresa.jpg","contentUrl":"https:\/\/staffeventosrj.com.br\/eventos\/wp-content\/uploads\/2017\/10\/banner_empresa.jpg","width":1920,"height":770},{"@type":"BreadcrumbList","@id":"https:\/\/staffeventosrj.com.br\/eventos\/sobre-nos\/#breadcrumb","itemListElement":[{"@type":"ListItem","position":1,"name":"In\u00edcio","item":"https:\/\/staffeventosrj.com.br\/eventos\/"},{"@type":"ListItem","position":2,"name":"Sobre N\u00f3s"}]},{"@type":"WebSite","@id":"https:\/\/staffeventosrj.com.br\/eventos\/#website","url":"https:\/\/staffeventosrj.com.br\/eventos\/","name":"Staff Eventos RJ","description":"Buffet e Eventos no Rio de Janeiro","publisher":{"@id":"https:\/\/staffeventosrj.com.br\/eventos\/#organization"},"potentialAction":[{"@type":"SearchAction","target":{"@type":"EntryPoint","urlTemplate":"https:\/\/staffeventosrj.com.br\/eventos\/?s={search_term_string}"},"query-input":{"@type":"PropertyValueSpecification","valueRequired":true,"valueName":"search_term_string"}}],"inLanguage":"pt-BR"},{"@type":"Organization","@id":"https:\/\/staffeventosrj.com.br\/eventos\/#organization","name":"Staff Eventos","url":"https:\/\/staffeventosrj.com.br\/eventos\/","logo":{"@type":"ImageObject","inLanguage":"pt-BR","@id":"https:\/\/staffeventosrj.com.br\/eventos\/#\/schema\/logo\/image\/","url":"https:\/\/staffeventosrj.com.br\/eventos\/wp-content\/uploads\/2017\/10\/logo_empresa.jpg","contentUrl":"https:\/\/staffeventosrj.com.br\/eventos\/wp-content\/uploads\/2017\/10\/logo_empresa.jpg","width":529,"height":352,"caption":"Staff Eventos"},"image":{"@id":"https:\/\/staffeventosrj.com.br\/eventos\/#\/schema\/logo\/image\/"},"sameAs":["https:\/\/www.facebook.com\/staffeventosrj\/","https:\/\/www.instagram.com\/staffeventosrj\/"]}]}},"_links":{"self":[{"href":"https:\/\/staffeventosrj.com.br\/eventos\/wp-json\/wp\/v2\/pages\/13","targetHints":{"allow":["GET"]}}],"collection":[{"href":"https:\/\/staffeventosrj.com.br\/eventos\/wp-json\/wp\/v2\/pages"}],"about":[{"href":"https:\/\/staffeventosrj.com.br\/eventos\/wp-json\/wp\/v2\/types\/page"}],"author":[{"embeddable":true,"href":"https:\/\/staffeventosrj.com.br\/eventos\/wp-json\/wp\/v2\/users\/1"}],"replies":[{"embeddable":true,"href":"https:\/\/staffeventosrj.com.br\/eventos\/wp-json\/wp\/v2\/comments?post=13"}],"version-history":[{"count":6,"href":"https:\/\/staffeventosrj.com.br\/eventos\/wp-json\/wp\/v2\/pages\/13\/revisions"}],"predecessor-version":[{"id":500,"href":"https:\/\/staffeventosrj.com.br\/eventos\/wp-json\/wp\/v2\/pages\/13\/revisions\/500"}],"wp:featuredmedia":[{"embeddable":true,"href":"https:\/\/staffeventosrj.com.br\/eventos\/wp-json\/wp\/v2\/media\/585"}],"wp:attachment":[{"href":"https:\/\/staffeventosrj.com.br\/eventos\/wp-json\/wp\/v2\/media?parent=13"}],"curies":[{"name":"wp","href":"https:\/\/api.w.org\/{rel}","templated":true}]}}